{"id":2685,"date":"2025-09-25T00:56:09","date_gmt":"2025-09-24T22:56:09","guid":{"rendered":"https:\/\/www.hikingslovenia.com\/helia-datenschutzpolitik-gdpr\/"},"modified":"2025-09-25T00:56:09","modified_gmt":"2025-09-24T22:56:09","slug":"helia-datenschutzpolitik-gdpr","status":"publish","type":"page","link":"https:\/\/www.hikingslovenia.com\/de\/helia-datenschutzpolitik-gdpr\/","title":{"rendered":"Helia Datenschutzpolitik (GDPR)"},"content":{"rendered":"<p>Wir bei Helia Tours legen gro\u00dfen Wert auf Ihre Privatsph\u00e4re und verpflichten uns, Ihre pers\u00f6nlichen Daten zu sch\u00fctzen. Diese Datenschutzerkl\u00e4rung beschreibt, wie wir Ihre Daten in \u00dcbereinstimmung mit der General Data Protection Regulation (GDPR) sammeln, verwenden und sch\u00fctzen. Indem Sie unsere Dienste nutzen, erkl\u00e4ren Sie sich mit den hier beschriebenen Praktiken einverstanden. Wenn Sie Fragen oder Bedenken bez\u00fcglich unserer Datenverarbeitungspraktiken haben, wenden Sie sich bitte direkt an uns.   <\/p>\n","protected":false},"excerpt":{"rendered":"<p>Wir bei Helia Tours legen gro\u00dfen Wert auf Ihre Privatsph\u00e4re und verpflichten uns, Ihre pers\u00f6nlichen Daten zu sch\u00fctzen. Diese Datenschutzerkl\u00e4rung beschreibt, wie wir Ihre Daten in \u00dcbereinstimmung mit der General Data Protection Regulation (GDPR) sammeln, verwenden und sch\u00fctzen. Indem Sie unsere Dienste nutzen, erkl\u00e4ren Sie sich mit den hier beschriebenen Praktiken einverstanden. Wenn Sie Fragen [&hellip;]<\/p>\n","protected":false},"author":1,"featured_media":0,"parent":0,"menu_order":0,"comment_status":"closed","ping_status":"closed","template":"templates\/helia-page-template.php","meta":{"_acf_changed":false,"footnotes":""},"class_list":["post-2685","page","type-page","status-publish","hentry"],"acf":[],"_links":{"self":[{"href":"https:\/\/www.hikingslovenia.com\/de\/wp-json\/wp\/v2\/pages\/2685","targetHints":{"allow":["GET"]}}],"collection":[{"href":"https:\/\/www.hikingslovenia.com\/de\/wp-json\/wp\/v2\/pages"}],"about":[{"href":"https:\/\/www.hikingslovenia.com\/de\/wp-json\/wp\/v2\/types\/page"}],"author":[{"embeddable":true,"href":"https:\/\/www.hikingslovenia.com\/de\/wp-json\/wp\/v2\/users\/1"}],"replies":[{"embeddable":true,"href":"https:\/\/www.hikingslovenia.com\/de\/wp-json\/wp\/v2\/comments?post=2685"}],"version-history":[{"count":0,"href":"https:\/\/www.hikingslovenia.com\/de\/wp-json\/wp\/v2\/pages\/2685\/revisions"}],"wp:attachment":[{"href":"https:\/\/www.hikingslovenia.com\/de\/wp-json\/wp\/v2\/media?parent=2685"}],"curies":[{"name":"wp","href":"https:\/\/api.w.org\/{rel}","templated":true}]}}