{"id":2708,"date":"2025-08-02T03:43:26","date_gmt":"2025-08-02T01:43:26","guid":{"rendered":"https:\/\/www.hikingslovenia.com\/reise-feedback\/"},"modified":"2025-08-02T03:43:26","modified_gmt":"2025-08-02T01:43:26","slug":"reise-feedback","status":"publish","type":"page","link":"https:\/\/www.hikingslovenia.com\/de\/reise-feedback\/","title":{"rendered":"Reise-Feedback"},"content":{"rendered":"<p>Wir von Hiking Slovenia sch\u00e4tzen Ihr Feedback, denn es hilft uns, unseren Service zu verbessern und zuk\u00fcnftigen G\u00e4sten das bestm\u00f6gliche Erlebnis zu bieten. Egal, ob Sie gerade eine Tour abgeschlossen haben oder \u00fcber Ihre Reise nachdenken, wir laden Sie ein, uns Ihre Gedanken mitzuteilen. Ihre Meinung zu Buchung, Unterk\u00fcnften, Routen und allgemeiner Zufriedenheit ist entscheidend f\u00fcr die Gestaltung unserer Angebote. Bitte nehmen Sie sich einen Moment Zeit, um unser Feedback-Formular auszuf\u00fcllen und uns mitzuteilen, wie wir uns weiter verbessern und andere dazu inspirieren k\u00f6nnen, die atemberaubenden Landschaften Sloweniens zu erkunden.   <\/p>\n","protected":false},"excerpt":{"rendered":"<p>Wir von Hiking Slovenia sch\u00e4tzen Ihr Feedback, denn es hilft uns, unseren Service zu verbessern und zuk\u00fcnftigen G\u00e4sten das bestm\u00f6gliche Erlebnis zu bieten. Egal, ob Sie gerade eine Tour abgeschlossen haben oder \u00fcber Ihre Reise nachdenken, wir laden Sie ein, uns Ihre Gedanken mitzuteilen. Ihre Meinung zu Buchung, Unterk\u00fcnften, Routen und allgemeiner Zufriedenheit ist entscheidend [&hellip;]<\/p>\n","protected":false},"author":1,"featured_media":0,"parent":0,"menu_order":0,"comment_status":"closed","ping_status":"closed","template":"templates\/helia-page-template.php","meta":{"_acf_changed":false,"footnotes":""},"class_list":["post-2708","page","type-page","status-publish","hentry"],"acf":[],"_links":{"self":[{"href":"https:\/\/www.hikingslovenia.com\/de\/wp-json\/wp\/v2\/pages\/2708","targetHints":{"allow":["GET"]}}],"collection":[{"href":"https:\/\/www.hikingslovenia.com\/de\/wp-json\/wp\/v2\/pages"}],"about":[{"href":"https:\/\/www.hikingslovenia.com\/de\/wp-json\/wp\/v2\/types\/page"}],"author":[{"embeddable":true,"href":"https:\/\/www.hikingslovenia.com\/de\/wp-json\/wp\/v2\/users\/1"}],"replies":[{"embeddable":true,"href":"https:\/\/www.hikingslovenia.com\/de\/wp-json\/wp\/v2\/comments?post=2708"}],"version-history":[{"count":0,"href":"https:\/\/www.hikingslovenia.com\/de\/wp-json\/wp\/v2\/pages\/2708\/revisions"}],"wp:attachment":[{"href":"https:\/\/www.hikingslovenia.com\/de\/wp-json\/wp\/v2\/media?parent=2708"}],"curies":[{"name":"wp","href":"https:\/\/api.w.org\/{rel}","templated":true}]}}