{"id":2713,"date":"2025-08-01T23:09:07","date_gmt":"2025-08-01T21:09:07","guid":{"rendered":"https:\/\/www.hikingslovenia.com\/allgemeines-buchungsformular\/"},"modified":"2025-08-01T23:09:07","modified_gmt":"2025-08-01T21:09:07","slug":"allgemeines-buchungsformular","status":"publish","type":"page","link":"https:\/\/www.hikingslovenia.com\/de\/allgemeines-buchungsformular\/","title":{"rendered":"Allgemeines Buchungsformular"},"content":{"rendered":"<p>Willkommen auf dem allgemeinen Buchungsformular von Hiking Slovenia. Sind Sie bereit, sich auf ein unvergessliches Abenteuer einzulassen? Bitte f\u00fcllen Sie das untenstehende Formular aus, um Ihren Platz auf einer unserer gef\u00fchrten oder selbstgef\u00fchrten Touren zu reservieren. W\u00e4hlen Sie die gew\u00fcnschte Tour und das gew\u00fcnschte Datum aus und geben Sie Ihre Daten an. Sie haben auch die M\u00f6glichkeit, Ihr Erlebnis mit Extras wie Fahrradverleih, Zimmerauswahl und Transfers individuell zu gestalten. Nach dem Absenden best\u00e4tigen wir Ihre Buchung und senden Ihnen eine Proformarechnung. Mit einer Anzahlung von 10% ist Ihre Reservierung gesichert, der Restbetrag wird 30 Tage vor Reisebeginn f\u00e4llig. Beginnen Sie noch heute mit der Planung Ihres slowenischen Abenteuers!       <\/p>\n","protected":false},"excerpt":{"rendered":"<p>Willkommen auf dem allgemeinen Buchungsformular von Hiking Slovenia. Sind Sie bereit, sich auf ein unvergessliches Abenteuer einzulassen? Bitte f\u00fcllen Sie das untenstehende Formular aus, um Ihren Platz auf einer unserer gef\u00fchrten oder selbstgef\u00fchrten Touren zu reservieren. W\u00e4hlen Sie die gew\u00fcnschte Tour und das gew\u00fcnschte Datum aus und geben Sie Ihre Daten an. Sie haben auch [&hellip;]<\/p>\n","protected":false},"author":1,"featured_media":0,"parent":0,"menu_order":0,"comment_status":"closed","ping_status":"closed","template":"templates\/helia-page-template.php","meta":{"_acf_changed":false,"footnotes":""},"class_list":["post-2713","page","type-page","status-publish","hentry"],"acf":[],"_links":{"self":[{"href":"https:\/\/www.hikingslovenia.com\/de\/wp-json\/wp\/v2\/pages\/2713","targetHints":{"allow":["GET"]}}],"collection":[{"href":"https:\/\/www.hikingslovenia.com\/de\/wp-json\/wp\/v2\/pages"}],"about":[{"href":"https:\/\/www.hikingslovenia.com\/de\/wp-json\/wp\/v2\/types\/page"}],"author":[{"embeddable":true,"href":"https:\/\/www.hikingslovenia.com\/de\/wp-json\/wp\/v2\/users\/1"}],"replies":[{"embeddable":true,"href":"https:\/\/www.hikingslovenia.com\/de\/wp-json\/wp\/v2\/comments?post=2713"}],"version-history":[{"count":0,"href":"https:\/\/www.hikingslovenia.com\/de\/wp-json\/wp\/v2\/pages\/2713\/revisions"}],"wp:attachment":[{"href":"https:\/\/www.hikingslovenia.com\/de\/wp-json\/wp\/v2\/media?parent=2713"}],"curies":[{"name":"wp","href":"https:\/\/api.w.org\/{rel}","templated":true}]}}