{"id":2716,"date":"2025-09-25T00:53:20","date_gmt":"2025-09-24T22:53:20","guid":{"rendered":"https:\/\/www.hikingslovenia.com\/cookies-datenschutzbestimmungen\/"},"modified":"2025-09-25T00:53:20","modified_gmt":"2025-09-24T22:53:20","slug":"cookies-datenschutzbestimmungen","status":"publish","type":"page","link":"https:\/\/www.hikingslovenia.com\/de\/cookies-datenschutzbestimmungen\/","title":{"rendered":"Cookies &amp; Datenschutzbestimmungen"},"content":{"rendered":"<p>Wir bei Hiking Slovenia legen gro\u00dfen Wert auf Ihre Privatsph\u00e4re und verpflichten uns, Ihre pers\u00f6nlichen Daten zu sch\u00fctzen. Diese Richtlinie beschreibt, wie wir Ihre Daten in \u00dcbereinstimmung mit der General Data Protection Regulation (GDPR) sammeln, verwenden und sch\u00fctzen. Durch die Nutzung unserer Website erkl\u00e4ren Sie sich mit den hier beschriebenen Praktiken einverstanden. Wenn Sie Fragen oder Bedenken bez\u00fcglich unserer Datenverarbeitungspraktiken haben, wenden Sie sich bitte direkt an uns.   <\/p>\n","protected":false},"excerpt":{"rendered":"<p>Wir bei Hiking Slovenia legen gro\u00dfen Wert auf Ihre Privatsph\u00e4re und verpflichten uns, Ihre pers\u00f6nlichen Daten zu sch\u00fctzen. Diese Richtlinie beschreibt, wie wir Ihre Daten in \u00dcbereinstimmung mit der General Data Protection Regulation (GDPR) sammeln, verwenden und sch\u00fctzen. Durch die Nutzung unserer Website erkl\u00e4ren Sie sich mit den hier beschriebenen Praktiken einverstanden. Wenn Sie Fragen [&hellip;]<\/p>\n","protected":false},"author":1,"featured_media":0,"parent":0,"menu_order":0,"comment_status":"closed","ping_status":"closed","template":"templates\/helia-page-template.php","meta":{"_acf_changed":false,"footnotes":""},"class_list":["post-2716","page","type-page","status-publish","hentry"],"acf":[],"_links":{"self":[{"href":"https:\/\/www.hikingslovenia.com\/de\/wp-json\/wp\/v2\/pages\/2716","targetHints":{"allow":["GET"]}}],"collection":[{"href":"https:\/\/www.hikingslovenia.com\/de\/wp-json\/wp\/v2\/pages"}],"about":[{"href":"https:\/\/www.hikingslovenia.com\/de\/wp-json\/wp\/v2\/types\/page"}],"author":[{"embeddable":true,"href":"https:\/\/www.hikingslovenia.com\/de\/wp-json\/wp\/v2\/users\/1"}],"replies":[{"embeddable":true,"href":"https:\/\/www.hikingslovenia.com\/de\/wp-json\/wp\/v2\/comments?post=2716"}],"version-history":[{"count":0,"href":"https:\/\/www.hikingslovenia.com\/de\/wp-json\/wp\/v2\/pages\/2716\/revisions"}],"wp:attachment":[{"href":"https:\/\/www.hikingslovenia.com\/de\/wp-json\/wp\/v2\/media?parent=2716"}],"curies":[{"name":"wp","href":"https:\/\/api.w.org\/{rel}","templated":true}]}}