{"id":2724,"date":"2025-09-23T15:33:57","date_gmt":"2025-09-23T13:33:57","guid":{"rendered":"https:\/\/www.hikingslovenia.com\/reisedokumente-faq-guibo\/"},"modified":"2025-09-23T15:33:57","modified_gmt":"2025-09-23T13:33:57","slug":"reisedokumente-faq-guibo","status":"publish","type":"page","link":"https:\/\/www.hikingslovenia.com\/de\/reisedokumente-faq-guibo\/","title":{"rendered":"Reisedokumente (FAQ Guibo)"},"content":{"rendered":"<p>Willkommen auf unserer FAQ-Seite zu Reisedokumenten. Hier finden Sie wichtige Informationen zu den Dokumenten, die Sie f\u00fcr Ihre Wanderreise mit Hiking Slovenia ben\u00f6tigen. Von der Einrichtung der GUIBO-App bis hin zum Verst\u00e4ndnis Ihrer Reiseroute und Gutscheine m\u00f6chten wir sicherstellen, dass Sie alle Details haben, die Sie f\u00fcr ein reibungsloses und angenehmes Erlebnis ben\u00f6tigen. Wenn Sie weitere Fragen haben oder Hilfe ben\u00f6tigen, z\u00f6gern Sie bitte nicht, uns direkt zu kontaktieren.   <\/p>\n","protected":false},"excerpt":{"rendered":"<p>Willkommen auf unserer FAQ-Seite zu Reisedokumenten. Hier finden Sie wichtige Informationen zu den Dokumenten, die Sie f\u00fcr Ihre Wanderreise mit Hiking Slovenia ben\u00f6tigen. Von der Einrichtung der GUIBO-App bis hin zum Verst\u00e4ndnis Ihrer Reiseroute und Gutscheine m\u00f6chten wir sicherstellen, dass Sie alle Details haben, die Sie f\u00fcr ein reibungsloses und angenehmes Erlebnis ben\u00f6tigen. Wenn Sie [&hellip;]<\/p>\n","protected":false},"author":2,"featured_media":0,"parent":0,"menu_order":0,"comment_status":"closed","ping_status":"closed","template":"templates\/helia-page-template.php","meta":{"_acf_changed":false,"footnotes":""},"class_list":["post-2724","page","type-page","status-publish","hentry"],"acf":[],"_links":{"self":[{"href":"https:\/\/www.hikingslovenia.com\/de\/wp-json\/wp\/v2\/pages\/2724","targetHints":{"allow":["GET"]}}],"collection":[{"href":"https:\/\/www.hikingslovenia.com\/de\/wp-json\/wp\/v2\/pages"}],"about":[{"href":"https:\/\/www.hikingslovenia.com\/de\/wp-json\/wp\/v2\/types\/page"}],"author":[{"embeddable":true,"href":"https:\/\/www.hikingslovenia.com\/de\/wp-json\/wp\/v2\/users\/2"}],"replies":[{"embeddable":true,"href":"https:\/\/www.hikingslovenia.com\/de\/wp-json\/wp\/v2\/comments?post=2724"}],"version-history":[{"count":0,"href":"https:\/\/www.hikingslovenia.com\/de\/wp-json\/wp\/v2\/pages\/2724\/revisions"}],"wp:attachment":[{"href":"https:\/\/www.hikingslovenia.com\/de\/wp-json\/wp\/v2\/media?parent=2724"}],"curies":[{"name":"wp","href":"https:\/\/api.w.org\/{rel}","templated":true}]}}