{"id":2745,"date":"2025-06-04T02:37:41","date_gmt":"2025-06-04T00:37:41","guid":{"rendered":"https:\/\/www.hikingslovenia.com\/reise-dienstleistungen\/"},"modified":"2025-06-04T02:37:41","modified_gmt":"2025-06-04T00:37:41","slug":"reise-dienstleistungen","status":"publish","type":"page","link":"https:\/\/www.hikingslovenia.com\/de\/reise-dienstleistungen\/","title":{"rendered":"Reise Dienstleistungen"},"content":{"rendered":"<p data-start=\"527\" data-end=\"1237\">Wir von Hiking Slovenia bieten eine Reihe von Reiseservices an, um Ihr Wanderabenteuer so reibungslos und angenehm wie m\u00f6glich zu gestalten. Von der Buchung Ihrer Reise bis zu Ihrer R\u00fcckkehr nach Hause bieten wir umfassende Unterst\u00fctzung, um einen reibungslosen Ablauf zu gew\u00e4hrleisten. Zu unseren Dienstleistungen geh\u00f6ren Hilfe bei der Buchung, Hinweise zur Anreise nach Slowenien, sichere Online-Zahlungsm\u00f6glichkeiten und klare Gesch\u00e4ftsbedingungen. W\u00e4hrend Ihrer Reise bieten wir Ihnen ausf\u00fchrliche Reisedokumente und stehen Ihnen jederzeit f\u00fcr Fragen und Anliegen zur Verf\u00fcgung. Nach Ihrer Reise sch\u00e4tzen wir Ihr Feedback, um unser Angebot kontinuierlich zu verbessern. Informieren Sie sich \u00fcber unsere Dienstleistungen und erfahren Sie mehr dar\u00fcber, wie wir Sie bei jedem Schritt Ihres Wanderabenteuers unterst\u00fctzen k\u00f6nnen.     <\/p>\n<hr data-start=\"1239\" data-end=\"1242\">\n","protected":false},"excerpt":{"rendered":"<p>Wir von Hiking Slovenia bieten eine Reihe von Reiseservices an, um Ihr Wanderabenteuer so reibungslos und angenehm wie m\u00f6glich zu gestalten. Von der Buchung Ihrer Reise bis zu Ihrer R\u00fcckkehr nach Hause bieten wir umfassende Unterst\u00fctzung, um einen reibungslosen Ablauf zu gew\u00e4hrleisten. Zu unseren Dienstleistungen geh\u00f6ren Hilfe bei der Buchung, Hinweise zur Anreise nach Slowenien, [&hellip;]<\/p>\n","protected":false},"author":1,"featured_media":0,"parent":0,"menu_order":0,"comment_status":"closed","ping_status":"closed","template":"","meta":{"_acf_changed":false,"footnotes":""},"class_list":["post-2745","page","type-page","status-publish","hentry"],"acf":[],"_links":{"self":[{"href":"https:\/\/www.hikingslovenia.com\/de\/wp-json\/wp\/v2\/pages\/2745","targetHints":{"allow":["GET"]}}],"collection":[{"href":"https:\/\/www.hikingslovenia.com\/de\/wp-json\/wp\/v2\/pages"}],"about":[{"href":"https:\/\/www.hikingslovenia.com\/de\/wp-json\/wp\/v2\/types\/page"}],"author":[{"embeddable":true,"href":"https:\/\/www.hikingslovenia.com\/de\/wp-json\/wp\/v2\/users\/1"}],"replies":[{"embeddable":true,"href":"https:\/\/www.hikingslovenia.com\/de\/wp-json\/wp\/v2\/comments?post=2745"}],"version-history":[{"count":0,"href":"https:\/\/www.hikingslovenia.com\/de\/wp-json\/wp\/v2\/pages\/2745\/revisions"}],"wp:attachment":[{"href":"https:\/\/www.hikingslovenia.com\/de\/wp-json\/wp\/v2\/media?parent=2745"}],"curies":[{"name":"wp","href":"https:\/\/api.w.org\/{rel}","templated":true}]}}