{"id":2774,"date":"2025-08-01T00:10:28","date_gmt":"2025-07-31T22:10:28","guid":{"rendered":"https:\/\/www.hikingslovenia.com\/ueber-uns\/geschichte\/"},"modified":"2025-08-01T00:10:28","modified_gmt":"2025-07-31T22:10:28","slug":"geschichte","status":"publish","type":"page","link":"https:\/\/www.hikingslovenia.com\/de\/ueber-uns\/geschichte\/","title":{"rendered":"Geschichte"},"content":{"rendered":"<p>Hiking Slovenia begann vor \u00fcber zwei Jahrzehnten mit einer bescheidenen Vision und einem kleinen Team, das sich w\u00f6chentlich in einer lokalen Konditorei in Bled traf. Mit begrenzten Mitteln lie\u00df sich das Unternehmen offiziell registrieren und investierte seine ersten Einnahmen in den Kauf von sechs Peugeot-Fahrr\u00e4dern, womit die Reise begann. Heute ist das Unternehmen stark gewachsen, bietet \u00fcber 400 Fahrr\u00e4der an und organisiert Rad- und Wandertouren in ganz Europa f\u00fcr slowenische Kunden und rund um Slowenien f\u00fcr internationale G\u00e4ste. Hiking Slovenia hat sich auf Aktivurlaube spezialisiert und bietet weiterhin unvergessliche Erlebnisse f\u00fcr Abenteuerlustige.   <\/p>\n","protected":false},"excerpt":{"rendered":"<p>Hiking Slovenia begann vor \u00fcber zwei Jahrzehnten mit einer bescheidenen Vision und einem kleinen Team, das sich w\u00f6chentlich in einer lokalen Konditorei in Bled traf. Mit begrenzten Mitteln lie\u00df sich das Unternehmen offiziell registrieren und investierte seine ersten Einnahmen in den Kauf von sechs Peugeot-Fahrr\u00e4dern, womit die Reise begann. Heute ist das Unternehmen stark gewachsen, [&hellip;]<\/p>\n","protected":false},"author":1,"featured_media":0,"parent":2707,"menu_order":0,"comment_status":"closed","ping_status":"closed","template":"templates\/helia-page-template.php","meta":{"_acf_changed":false,"footnotes":""},"class_list":["post-2774","page","type-page","status-publish","hentry"],"acf":[],"_links":{"self":[{"href":"https:\/\/www.hikingslovenia.com\/de\/wp-json\/wp\/v2\/pages\/2774","targetHints":{"allow":["GET"]}}],"collection":[{"href":"https:\/\/www.hikingslovenia.com\/de\/wp-json\/wp\/v2\/pages"}],"about":[{"href":"https:\/\/www.hikingslovenia.com\/de\/wp-json\/wp\/v2\/types\/page"}],"author":[{"embeddable":true,"href":"https:\/\/www.hikingslovenia.com\/de\/wp-json\/wp\/v2\/users\/1"}],"replies":[{"embeddable":true,"href":"https:\/\/www.hikingslovenia.com\/de\/wp-json\/wp\/v2\/comments?post=2774"}],"version-history":[{"count":0,"href":"https:\/\/www.hikingslovenia.com\/de\/wp-json\/wp\/v2\/pages\/2774\/revisions"}],"up":[{"embeddable":true,"href":"https:\/\/www.hikingslovenia.com\/de\/wp-json\/wp\/v2\/pages\/2707"}],"wp:attachment":[{"href":"https:\/\/www.hikingslovenia.com\/de\/wp-json\/wp\/v2\/media?parent=2774"}],"curies":[{"name":"wp","href":"https:\/\/api.w.org\/{rel}","templated":true}]}}