{"id":2832,"date":"2025-08-01T00:08:45","date_gmt":"2025-07-31T22:08:45","guid":{"rendered":"https:\/\/www.hikingslovenia.com\/ueber-uns\/andere-informationen\/"},"modified":"2025-08-01T00:08:45","modified_gmt":"2025-07-31T22:08:45","slug":"andere-informationen","status":"publish","type":"page","link":"https:\/\/www.hikingslovenia.com\/de\/ueber-uns\/andere-informationen\/","title":{"rendered":"Andere Informationen"},"content":{"rendered":"<p>Willkommen auf der offiziellen Informationsseite von Hiking Slovenia. Als lizenziertes Reiseb\u00fcro mit Sitz in Bled, Slowenien, sind wir zu Transparenz und Vertrauen verpflichtet. Hier finden Sie die Angaben zu unserer Unternehmensregistrierung, Bankinformationen und die rechtlichen Garantien, die den Schutz Ihrer Zahlungen gew\u00e4hrleisten. Wir verf\u00fcgen \u00fcber eine Lizenz des Wirtschaftsministeriums der Republik Slowenien mit der Reiseb\u00fcro-Lizenznummer 421 und der Agentennummer 422. Zu Ihrer Beruhigung verf\u00fcgen wir \u00fcber eine g\u00fcltige Garantieerkl\u00e4rung von Zavarovalnica Triglav, d.d., die m\u00f6gliche Liquidit\u00e4tsprobleme abdeckt. Sollten Sie Fragen haben oder weitere Details ben\u00f6tigen, k\u00f6nnen Sie sich gerne direkt an uns wenden.     <\/p>\n","protected":false},"excerpt":{"rendered":"<p>Willkommen auf der offiziellen Informationsseite von Hiking Slovenia. Als lizenziertes Reiseb\u00fcro mit Sitz in Bled, Slowenien, sind wir zu Transparenz und Vertrauen verpflichtet. Hier finden Sie die Angaben zu unserer Unternehmensregistrierung, Bankinformationen und die rechtlichen Garantien, die den Schutz Ihrer Zahlungen gew\u00e4hrleisten. Wir verf\u00fcgen \u00fcber eine Lizenz des Wirtschaftsministeriums der Republik Slowenien mit der Reiseb\u00fcro-Lizenznummer [&hellip;]<\/p>\n","protected":false},"author":1,"featured_media":0,"parent":2707,"menu_order":0,"comment_status":"closed","ping_status":"closed","template":"templates\/helia-page-template.php","meta":{"_acf_changed":false,"footnotes":""},"class_list":["post-2832","page","type-page","status-publish","hentry"],"acf":[],"_links":{"self":[{"href":"https:\/\/www.hikingslovenia.com\/de\/wp-json\/wp\/v2\/pages\/2832","targetHints":{"allow":["GET"]}}],"collection":[{"href":"https:\/\/www.hikingslovenia.com\/de\/wp-json\/wp\/v2\/pages"}],"about":[{"href":"https:\/\/www.hikingslovenia.com\/de\/wp-json\/wp\/v2\/types\/page"}],"author":[{"embeddable":true,"href":"https:\/\/www.hikingslovenia.com\/de\/wp-json\/wp\/v2\/users\/1"}],"replies":[{"embeddable":true,"href":"https:\/\/www.hikingslovenia.com\/de\/wp-json\/wp\/v2\/comments?post=2832"}],"version-history":[{"count":0,"href":"https:\/\/www.hikingslovenia.com\/de\/wp-json\/wp\/v2\/pages\/2832\/revisions"}],"up":[{"embeddable":true,"href":"https:\/\/www.hikingslovenia.com\/de\/wp-json\/wp\/v2\/pages\/2707"}],"wp:attachment":[{"href":"https:\/\/www.hikingslovenia.com\/de\/wp-json\/wp\/v2\/media?parent=2832"}],"curies":[{"name":"wp","href":"https:\/\/api.w.org\/{rel}","templated":true}]}}