{"id":2864,"date":"2025-08-10T00:33:58","date_gmt":"2025-08-09T22:33:58","guid":{"rendered":"https:\/\/www.hikingslovenia.com\/planen-sie-einen-whatsapp-anruf\/"},"modified":"2025-08-10T00:33:58","modified_gmt":"2025-08-09T22:33:58","slug":"planen-sie-einen-whatsapp-anruf","status":"publish","type":"page","link":"https:\/\/www.hikingslovenia.com\/de\/planen-sie-einen-whatsapp-anruf\/","title":{"rendered":"Planen Sie einen Whatsapp-Anruf"},"content":{"rendered":"<p>Vielen Dank, dass Sie einen Anruf mit uns vereinbaren m\u00f6chten! Bitte f\u00fcllen Sie das untenstehende Formular aus. Sobald wir Ihre Anfrage erhalten haben, schicken wir Ihnen eine Best\u00e4tigungs-E-Mail und vereinbaren einen Termin f\u00fcr Ihren Anruf. Sobald das Zeitfenster vereinbart ist, erwarten wir Ihren Anruf.  <\/p>\n<p><strong>Wichtig!<\/strong> Unsere B\u00fcrozeiten sind Montag bis Freitag, und wir nehmen Anrufe zwischen 9:00 und 15:00 Uhr MEZ entgegen.<\/p>\n","protected":false},"excerpt":{"rendered":"<p>Vielen Dank, dass Sie einen Anruf mit uns vereinbaren m\u00f6chten! Bitte f\u00fcllen Sie das untenstehende Formular aus. Sobald wir Ihre Anfrage erhalten haben, schicken wir Ihnen eine Best\u00e4tigungs-E-Mail und vereinbaren einen Termin f\u00fcr Ihren Anruf. Sobald das Zeitfenster vereinbart ist, erwarten wir Ihren Anruf. Wichtig! Unsere B\u00fcrozeiten sind Montag bis Freitag, und wir nehmen Anrufe [&hellip;]<\/p>\n","protected":false},"author":1,"featured_media":0,"parent":0,"menu_order":0,"comment_status":"closed","ping_status":"closed","template":"templates\/schedule-call.php","meta":{"_acf_changed":false,"footnotes":""},"class_list":["post-2864","page","type-page","status-publish","hentry"],"acf":[],"_links":{"self":[{"href":"https:\/\/www.hikingslovenia.com\/de\/wp-json\/wp\/v2\/pages\/2864","targetHints":{"allow":["GET"]}}],"collection":[{"href":"https:\/\/www.hikingslovenia.com\/de\/wp-json\/wp\/v2\/pages"}],"about":[{"href":"https:\/\/www.hikingslovenia.com\/de\/wp-json\/wp\/v2\/types\/page"}],"author":[{"embeddable":true,"href":"https:\/\/www.hikingslovenia.com\/de\/wp-json\/wp\/v2\/users\/1"}],"replies":[{"embeddable":true,"href":"https:\/\/www.hikingslovenia.com\/de\/wp-json\/wp\/v2\/comments?post=2864"}],"version-history":[{"count":0,"href":"https:\/\/www.hikingslovenia.com\/de\/wp-json\/wp\/v2\/pages\/2864\/revisions"}],"wp:attachment":[{"href":"https:\/\/www.hikingslovenia.com\/de\/wp-json\/wp\/v2\/media?parent=2864"}],"curies":[{"name":"wp","href":"https:\/\/api.w.org\/{rel}","templated":true}]}}