{"id":2919,"date":"2025-08-01T00:33:51","date_gmt":"2025-07-31T22:33:51","guid":{"rendered":"https:\/\/www.hikingslovenia.com\/allgemeine-bedingungen-und-konditionen\/"},"modified":"2026-01-06T09:07:38","modified_gmt":"2026-01-06T08:07:38","slug":"allgemeine-bedingungen-und-konditionen","status":"publish","type":"page","link":"https:\/\/www.hikingslovenia.com\/de\/allgemeine-bedingungen-und-konditionen\/","title":{"rendered":"Allgemeine Bedingungen und Konditionen"},"content":{"rendered":"<p>Wir von Hiking Slovenia sind bestrebt, allen unseren G\u00e4sten ein reibungsloses und angenehmes Erlebnis zu bieten. In unseren Allgemeinen Gesch\u00e4ftsbedingungen finden Sie die wichtigsten Details zu Buchungen, Zahlungen, Stornierungen und Unterk\u00fcnften. Wenn Sie sich mit diesen Bedingungen vertraut machen, k\u00f6nnen Sie eine reibungslose und informierte Reiseerfahrung gew\u00e4hrleisten. Sollten Sie Fragen haben oder eine Kl\u00e4rung w\u00fcnschen, z\u00f6gern Sie bitte nicht, uns direkt zu kontaktieren.   <\/p>\n","protected":false},"excerpt":{"rendered":"<p>Wir von Hiking Slovenia sind bestrebt, allen unseren G\u00e4sten ein reibungsloses und angenehmes Erlebnis zu bieten. In unseren Allgemeinen Gesch\u00e4ftsbedingungen finden Sie die wichtigsten Details zu Buchungen, Zahlungen, Stornierungen und Unterk\u00fcnften. Wenn Sie sich mit diesen Bedingungen vertraut machen, k\u00f6nnen Sie eine reibungslose und informierte Reiseerfahrung gew\u00e4hrleisten. Sollten Sie Fragen haben oder eine Kl\u00e4rung w\u00fcnschen, [&hellip;]<\/p>\n","protected":false},"author":1,"featured_media":0,"parent":0,"menu_order":0,"comment_status":"closed","ping_status":"closed","template":"templates\/helia-page-template.php","meta":{"_acf_changed":false,"footnotes":""},"class_list":["post-2919","page","type-page","status-publish","hentry"],"acf":[],"_links":{"self":[{"href":"https:\/\/www.hikingslovenia.com\/de\/wp-json\/wp\/v2\/pages\/2919","targetHints":{"allow":["GET"]}}],"collection":[{"href":"https:\/\/www.hikingslovenia.com\/de\/wp-json\/wp\/v2\/pages"}],"about":[{"href":"https:\/\/www.hikingslovenia.com\/de\/wp-json\/wp\/v2\/types\/page"}],"author":[{"embeddable":true,"href":"https:\/\/www.hikingslovenia.com\/de\/wp-json\/wp\/v2\/users\/1"}],"replies":[{"embeddable":true,"href":"https:\/\/www.hikingslovenia.com\/de\/wp-json\/wp\/v2\/comments?post=2919"}],"version-history":[{"count":1,"href":"https:\/\/www.hikingslovenia.com\/de\/wp-json\/wp\/v2\/pages\/2919\/revisions"}],"predecessor-version":[{"id":4346,"href":"https:\/\/www.hikingslovenia.com\/de\/wp-json\/wp\/v2\/pages\/2919\/revisions\/4346"}],"wp:attachment":[{"href":"https:\/\/www.hikingslovenia.com\/de\/wp-json\/wp\/v2\/media?parent=2919"}],"curies":[{"name":"wp","href":"https:\/\/api.w.org\/{rel}","templated":true}]}}