{"id":2935,"date":"2025-07-31T23:59:55","date_gmt":"2025-07-31T21:59:55","guid":{"rendered":"https:\/\/www.hikingslovenia.com\/ueber-uns\/unternehmensinformationen-und-geschaeftszeiten\/"},"modified":"2025-07-31T23:59:55","modified_gmt":"2025-07-31T21:59:55","slug":"unternehmensinformationen-und-geschaeftszeiten","status":"publish","type":"page","link":"https:\/\/www.hikingslovenia.com\/de\/ueber-uns\/unternehmensinformationen-und-geschaeftszeiten\/","title":{"rendered":"Unternehmensinformationen und Gesch\u00e4ftszeiten"},"content":{"rendered":"<p>Willkommen bei Hiking Slovenia! Wir sind ein engagiertes Reiseb\u00fcro mit Sitz im Herzen von Bled, das von Experten gef\u00fchrte Wander-, Trekking- und Klettertouren in den Julischen Alpen anbietet. Unser B\u00fcro befindet sich in der <g id=\"gid_0\">Trubarjeva cesta 8, SI-4260 Bled, Slowenien<\/g>. Wir haben von Montag bis Freitag von <g id=\"gid_1\">8:00 bis 16:00 Uhr<\/g> ge\u00f6ffnet und sind auch au\u00dferhalb dieser Zeiten nach Vereinbarung erreichbar. Sie k\u00f6nnen uns per <strong data-start=\"907\" data-end=\"938\">WhatsApp unter +386 31 544 544<\/strong> oder per E-Mail unter <strong data-start=\"954\" data-end=\"971\"><a class=\"decorated-link cursor-pointer\" rel=\"noopener\" data-start=\"956\" data-end=\"969\">info@helia.si<\/a><\/strong>    <\/p>\n","protected":false},"excerpt":{"rendered":"<p>Willkommen bei Hiking Slovenia! Wir sind ein engagiertes Reiseb\u00fcro mit Sitz im Herzen von Bled, das von Experten gef\u00fchrte Wander-, Trekking- und Klettertouren in den Julischen Alpen anbietet. Unser B\u00fcro befindet sich in der Trubarjeva cesta 8, SI-4260 Bled, Slowenien. Wir haben von Montag bis Freitag von 8:00 bis 16:00 Uhr ge\u00f6ffnet und sind auch [&hellip;]<\/p>\n","protected":false},"author":1,"featured_media":0,"parent":2707,"menu_order":0,"comment_status":"closed","ping_status":"closed","template":"templates\/helia-page-template.php","meta":{"_acf_changed":false,"footnotes":""},"class_list":["post-2935","page","type-page","status-publish","hentry"],"acf":[],"_links":{"self":[{"href":"https:\/\/www.hikingslovenia.com\/de\/wp-json\/wp\/v2\/pages\/2935","targetHints":{"allow":["GET"]}}],"collection":[{"href":"https:\/\/www.hikingslovenia.com\/de\/wp-json\/wp\/v2\/pages"}],"about":[{"href":"https:\/\/www.hikingslovenia.com\/de\/wp-json\/wp\/v2\/types\/page"}],"author":[{"embeddable":true,"href":"https:\/\/www.hikingslovenia.com\/de\/wp-json\/wp\/v2\/users\/1"}],"replies":[{"embeddable":true,"href":"https:\/\/www.hikingslovenia.com\/de\/wp-json\/wp\/v2\/comments?post=2935"}],"version-history":[{"count":0,"href":"https:\/\/www.hikingslovenia.com\/de\/wp-json\/wp\/v2\/pages\/2935\/revisions"}],"up":[{"embeddable":true,"href":"https:\/\/www.hikingslovenia.com\/de\/wp-json\/wp\/v2\/pages\/2707"}],"wp:attachment":[{"href":"https:\/\/www.hikingslovenia.com\/de\/wp-json\/wp\/v2\/media?parent=2935"}],"curies":[{"name":"wp","href":"https:\/\/api.w.org\/{rel}","templated":true}]}}