{"id":2712,"date":"2025-08-01T23:09:07","date_gmt":"2025-08-01T21:09:07","guid":{"rendered":"https:\/\/www.hikingslovenia.com\/formulario-de-reserva-general\/"},"modified":"2025-08-01T23:09:07","modified_gmt":"2025-08-01T21:09:07","slug":"formulario-de-reserva-general","status":"publish","type":"page","link":"https:\/\/www.hikingslovenia.com\/es\/formulario-de-reserva-general\/","title":{"rendered":"Formulario de reserva general"},"content":{"rendered":"<p>Bienvenido al Formulario de Reserva General de Senderismo en Eslovenia. \u00bfListo para embarcarte en una aventura inolvidable? Rellena el siguiente formulario para reservar tu plaza en una de nuestras rutas guiadas o autoguiadas. Selecciona el recorrido que desees, las fechas que prefieras y proporciona tus datos. Tambi\u00e9n tendr\u00e1s la opci\u00f3n de personalizar tu experiencia con extras como alquiler de bicicletas, selecci\u00f3n de habitaciones y traslados. Una vez enviada, confirmaremos tu reserva y te enviaremos una factura proforma. Un dep\u00f3sito del 10% garantiza tu reserva, y el resto debe abonarse 30 d\u00edas antes del inicio del viaje. \u00a1Empecemos a planificar tu aventura eslovena hoy mismo!       <\/p>\n","protected":false},"excerpt":{"rendered":"<p>Bienvenido al Formulario de Reserva General de Senderismo en Eslovenia. \u00bfListo para embarcarte en una aventura inolvidable? Rellena el siguiente formulario para reservar tu plaza en una de nuestras rutas guiadas o autoguiadas. Selecciona el recorrido que desees, las fechas que prefieras y proporciona tus datos. Tambi\u00e9n tendr\u00e1s la opci\u00f3n de personalizar tu experiencia con [&hellip;]<\/p>\n","protected":false},"author":1,"featured_media":0,"parent":0,"menu_order":0,"comment_status":"closed","ping_status":"closed","template":"templates\/helia-page-template.php","meta":{"_acf_changed":false,"footnotes":""},"class_list":["post-2712","page","type-page","status-publish","hentry"],"acf":[],"_links":{"self":[{"href":"https:\/\/www.hikingslovenia.com\/es\/wp-json\/wp\/v2\/pages\/2712","targetHints":{"allow":["GET"]}}],"collection":[{"href":"https:\/\/www.hikingslovenia.com\/es\/wp-json\/wp\/v2\/pages"}],"about":[{"href":"https:\/\/www.hikingslovenia.com\/es\/wp-json\/wp\/v2\/types\/page"}],"author":[{"embeddable":true,"href":"https:\/\/www.hikingslovenia.com\/es\/wp-json\/wp\/v2\/users\/1"}],"replies":[{"embeddable":true,"href":"https:\/\/www.hikingslovenia.com\/es\/wp-json\/wp\/v2\/comments?post=2712"}],"version-history":[{"count":0,"href":"https:\/\/www.hikingslovenia.com\/es\/wp-json\/wp\/v2\/pages\/2712\/revisions"}],"wp:attachment":[{"href":"https:\/\/www.hikingslovenia.com\/es\/wp-json\/wp\/v2\/media?parent=2712"}],"curies":[{"name":"wp","href":"https:\/\/api.w.org\/{rel}","templated":true}]}}