{"id":2559,"date":"2025-08-01T23:09:07","date_gmt":"2025-08-01T21:09:07","guid":{"rendered":"https:\/\/www.hikingslovenia.com\/formulaire-de-reservation-generale\/"},"modified":"2025-12-15T12:58:57","modified_gmt":"2025-12-15T11:58:57","slug":"formulaire-de-reservation-generale","status":"publish","type":"page","link":"https:\/\/www.hikingslovenia.com\/fr\/formulaire-de-reservation-generale\/","title":{"rendered":"Formulaire de r\u00e9servation g\u00e9n\u00e9rale"},"content":{"rendered":"<p>Bienvenue sur le formulaire g\u00e9n\u00e9ral de r\u00e9servation de Hiking Slovenia. Vous \u00eates pr\u00eat \u00e0 vous lancer dans une aventure inoubliable ? Veuillez remplir le formulaire ci-dessous pour r\u00e9server votre place sur l&rsquo;un de nos circuits guid\u00e9s ou autoguid\u00e9s. S\u00e9lectionnez le circuit souhait\u00e9, les dates pr\u00e9f\u00e9r\u00e9es et fournissez vos coordonn\u00e9es. Vous aurez \u00e9galement la possibilit\u00e9 de personnaliser votre exp\u00e9rience avec des extras tels que la location de v\u00e9los, le choix de la chambre et les transferts. Une fois votre demande soumise, nous confirmerons votre r\u00e9servation et vous enverrons une facture pro forma. Un acompte de 10 % garantit votre r\u00e9servation, le solde \u00e9tant d\u00fb 30 jours avant le d\u00e9but de votre circuit. Commencez \u00e0 planifier votre aventure slov\u00e8ne d\u00e8s aujourd&rsquo;hui !<\/p>\n","protected":false},"excerpt":{"rendered":"<p>Bienvenue sur le formulaire g\u00e9n\u00e9ral de r\u00e9servation de Hiking Slovenia. Vous \u00eates pr\u00eat \u00e0 vous lancer dans une aventure inoubliable ? Veuillez remplir le formulaire ci-dessous pour r\u00e9server votre place sur l&rsquo;un de nos circuits guid\u00e9s ou autoguid\u00e9s. S\u00e9lectionnez le circuit souhait\u00e9, les dates pr\u00e9f\u00e9r\u00e9es et fournissez vos coordonn\u00e9es. Vous aurez \u00e9galement la possibilit\u00e9 de [&hellip;]<\/p>\n","protected":false},"author":1,"featured_media":0,"parent":0,"menu_order":0,"comment_status":"closed","ping_status":"closed","template":"templates\/helia-page-template.php","meta":{"_acf_changed":false,"footnotes":""},"class_list":["post-2559","page","type-page","status-publish","hentry"],"acf":[],"_links":{"self":[{"href":"https:\/\/www.hikingslovenia.com\/fr\/wp-json\/wp\/v2\/pages\/2559","targetHints":{"allow":["GET"]}}],"collection":[{"href":"https:\/\/www.hikingslovenia.com\/fr\/wp-json\/wp\/v2\/pages"}],"about":[{"href":"https:\/\/www.hikingslovenia.com\/fr\/wp-json\/wp\/v2\/types\/page"}],"author":[{"embeddable":true,"href":"https:\/\/www.hikingslovenia.com\/fr\/wp-json\/wp\/v2\/users\/1"}],"replies":[{"embeddable":true,"href":"https:\/\/www.hikingslovenia.com\/fr\/wp-json\/wp\/v2\/comments?post=2559"}],"version-history":[{"count":1,"href":"https:\/\/www.hikingslovenia.com\/fr\/wp-json\/wp\/v2\/pages\/2559\/revisions"}],"predecessor-version":[{"id":2669,"href":"https:\/\/www.hikingslovenia.com\/fr\/wp-json\/wp\/v2\/pages\/2559\/revisions\/2669"}],"wp:attachment":[{"href":"https:\/\/www.hikingslovenia.com\/fr\/wp-json\/wp\/v2\/media?parent=2559"}],"curies":[{"name":"wp","href":"https:\/\/api.w.org\/{rel}","templated":true}]}}